{"id":1731,"date":"2024-05-16T16:43:12","date_gmt":"2024-05-16T14:43:12","guid":{"rendered":"https:\/\/www.cefii.fr\/blog\/?page_id=1731"},"modified":"2025-02-27T14:18:57","modified_gmt":"2025-02-27T13:18:57","slug":"olivier-pesce","status":"publish","type":"page","link":"https:\/\/www.cefii.fr\/blog\/olivier-pesce\/","title":{"rendered":"Olivier PESCE : un formateur en d\u00e9veloppement front et back"},"content":{"rendered":"<p>[et_pb_section fb_built=\u00a0\u00bb1&Prime; admin_label=\u00a0\u00bbHeader\u00a0\u00bb _builder_version=\u00a0\u00bb4.25.1&Prime; _module_preset=\u00a0\u00bbdefault\u00a0\u00bb use_background_color_gradient=\u00a0\u00bbon\u00a0\u00bb background_color_gradient_direction=\u00a0\u00bb90deg\u00a0\u00bb background_color_gradient_stops=\u00a0\u00bb#141735 34%|rgba(255,255,255,0) 34%\u00a0\u00bb custom_padding=\u00a0\u00bb||4px|||\u00a0\u00bb hover_enabled=\u00a0\u00bb0&Prime; background_last_edited=\u00a0\u00bbon|tablet\u00a0\u00bb background_color_gradient_direction_tablet=\u00a0\u00bb180deg\u00a0\u00bb collapsed=\u00a0\u00bbon\u00a0\u00bb global_colors_info=\u00a0\u00bb{%22gcid-a674551e-c023-4666-82b8-b7448e713885%22:%91%22background_color_gradient_stops%22%93}\u00a0\u00bb sticky_enabled=\u00a0\u00bb0&Prime;][et_pb_row column_structure=\u00a0\u00bb1_2,1_2&Prime; _builder_version=\u00a0\u00bb4.25.0&Prime; _module_preset=\u00a0\u00bbdefault\u00a0\u00bb max_width=\u00a0\u00bb1280px\u00a0\u00bb global_colors_info=\u00a0\u00bb{}\u00a0\u00bb][et_pb_column type=\u00a0\u00bb1_2&Prime; _builder_version=\u00a0\u00bb4.25.0&Prime; _module_preset=\u00a0\u00bbdefault\u00a0\u00bb global_colors_info=\u00a0\u00bb{}\u00a0\u00bb][et_pb_image alt=\u00a0\u00bbOlivier PESCE &#8211; formateur et d\u00e9veloppeur au CEFii\u00a0\u00bb title_text=\u00a0\u00bbolivier-pesce-dev-cefii\u00a0\u00bb force_fullwidth=\u00a0\u00bboff\u00a0\u00bb _builder_version=\u00a0\u00bb4.25.1&Prime; _module_preset=\u00a0\u00bbdefault\u00a0\u00bb max_height_tablet=\u00a0\u00bb400px\u00a0\u00bb max_height_phone=\u00a0\u00bb400px\u00a0\u00bb max_height_last_edited=\u00a0\u00bbon|tablet\u00a0\u00bb hover_enabled=\u00a0\u00bb0&Prime; border_radii=\u00a0\u00bbon|6px|6px|6px|6px\u00a0\u00bb locked=\u00a0\u00bboff\u00a0\u00bb global_colors_info=\u00a0\u00bb{}\u00a0\u00bb src=\u00a0\u00bbhttps:\/\/www.cefii.fr\/blog\/wp-content\/uploads\/2025\/02\/olivier-pesce-dev-cefii.jpg\u00a0\u00bb sticky_enabled=\u00a0\u00bb0&Prime;][\/et_pb_image][\/et_pb_column][et_pb_column type=\u00a0\u00bb1_2&Prime; _builder_version=\u00a0\u00bb4.25.0&Prime; _module_preset=\u00a0\u00bbdefault\u00a0\u00bb custom_padding=\u00a0\u00bb60px||60px||true|false\u00a0\u00bb custom_padding_tablet=\u00a0\u00bb0px||0px||true|false\u00a0\u00bb custom_padding_phone=\u00a0\u00bb0px||0px||true|false\u00a0\u00bb custom_padding_last_edited=\u00a0\u00bbon|desktop\u00a0\u00bb global_colors_info=\u00a0\u00bb{}\u00a0\u00bb][et_pb_heading title=\u00a0\u00bbAuteur\u00a0\u00bb _builder_version=\u00a0\u00bb4.23.1&Prime; _module_preset=\u00a0\u00bbe6a20259-1f4e-4308-b151-589a186a6a86&Prime; custom_margin=\u00a0\u00bb||10px||false|false\u00a0\u00bb locked=\u00a0\u00bboff\u00a0\u00bb global_colors_info=\u00a0\u00bb{}\u00a0\u00bb][\/et_pb_heading][et_pb_heading title=\u00a0\u00bbOlivier Pesce\u00a0\u00bb _builder_version=\u00a0\u00bb4.23.1&Prime; _module_preset=\u00a0\u00bb2e737f17-982a-46cb-9f12-4fc8727f2ee5&Prime; custom_margin=\u00a0\u00bb||10px||false|false\u00a0\u00bb locked=\u00a0\u00bboff\u00a0\u00bb global_colors_info=\u00a0\u00bb{}\u00a0\u00bb][\/et_pb_heading][et_pb_text _builder_version=\u00a0\u00bb4.23.1&Prime; _module_preset=\u00a0\u00bbdefault\u00a0\u00bb header_line_height=\u00a0\u00bb1.5em\u00a0\u00bb global_colors_info=\u00a0\u00bb{}\u00a0\u00bb]<\/p>\n<h1><span style=\"font-weight: 400;\">Formateur, d\u00e9veloppeur front et back, Olivier incarne l&rsquo;esprit de curiosit\u00e9 et d&rsquo;aventure.<\/span><\/h1>\n<p><span style=\"font-weight: 400;\">Dans le monde du d\u00e9veloppement, il y a ceux qui se contentent de coder et puis il y a Olivier, un v\u00e9ritable couteau suisse !<br \/><\/span><\/p>\n<p>[\/et_pb_text][\/et_pb_column][\/et_pb_row][\/et_pb_section][et_pb_section fb_built=\u00a0\u00bb1&Prime; admin_label=\u00a0\u00bbAbout\u00a0\u00bb _builder_version=\u00a0\u00bb4.25.0&Prime; _module_preset=\u00a0\u00bbdefault\u00a0\u00bb custom_padding=\u00a0\u00bb6px|||||\u00a0\u00bb collapsed=\u00a0\u00bbon\u00a0\u00bb global_colors_info=\u00a0\u00bb{}\u00a0\u00bb][et_pb_row _builder_version=\u00a0\u00bb4.23.1&Prime; _module_preset=\u00a0\u00bbdefault\u00a0\u00bb custom_padding=\u00a0\u00bb7px|||||\u00a0\u00bb global_colors_info=\u00a0\u00bb{}\u00a0\u00bb][et_pb_column type=\u00a0\u00bb4_4&Prime; _builder_version=\u00a0\u00bb4.23.1&Prime; _module_preset=\u00a0\u00bbdefault\u00a0\u00bb global_colors_info=\u00a0\u00bb{}\u00a0\u00bb][et_pb_text _builder_version=\u00a0\u00bb4.23.1&Prime; _module_preset=\u00a0\u00bbdefault\u00a0\u00bb text_font_size=\u00a0\u00bb16px\u00a0\u00bb global_colors_info=\u00a0\u00bb{}\u00a0\u00bb]<\/p>\n<p>Au quotidien, Olivier jongle avec les lignes de code comme un magicien avec ses cartes, mais sa v\u00e9ritable magie r\u00e9side dans sa capacit\u00e9 \u00e0 transmettre son savoir avec enthousiasme et humour. Une s\u00e9ance de formation avec Olivier se fait toujours avec le sourire !<\/p>\n<p>En tant que formateur au CEFii, il enseigne les rudiments du d\u00e9veloppement, et il fait naitre \u00e9galement \u00e0 ses \u00e9tudiants une passion pour l&rsquo;art de cr\u00e9er des applications innovantes.<br \/>En parlant d&rsquo;applications, Olivier est un as du d\u00e9veloppement. Avec une pr\u00e9f\u00e9rence marqu\u00e9e pour le PHP et Symfony, il jongle avec les frameworks, cr\u00e9ant des solutions efficaces pour r\u00e9pondre aux besoins de ses clients.<\/p>\n<p>Il est facile de penser qu&rsquo;Olivier n\u2019est qu\u2019un g\u00e9nie du code, mais ce serait une erreur ! Lorsqu&rsquo;il n&rsquo;est pas \u00e0 son clavier, il est probablement en train d&rsquo;explorer des mondes virtuels comme un h\u00e9ros de jeu vid\u00e9o.<br \/>Les soir\u00e9es de jeu sont pour lui un moment sacr\u00e9, une \u00e9vasion bienvenue apr\u00e8s une journ\u00e9e pass\u00e9e \u00e0 r\u00e9soudre des probl\u00e8mes complexes.<\/p>\n<p>Il est un grand fan du Joker de DC Comics. Peut-\u00eatre voit-il dans les \u00e9nigmes du Joker un \u00e9cho \u00e0 ses propres d\u00e9fis de d\u00e9veloppement, o\u00f9 chaque ligne de code est un puzzle \u00e0 r\u00e9soudre ?<br \/>Malgr\u00e9 son amour pour le monde num\u00e9rique, il sait aussi l&rsquo;importance de se d\u00e9connecter. Il trouve son \u00e9quilibre en se plongeant dans la nature, en respirant l&rsquo;air frais et en laissant ses pens\u00e9es vagabonder. Pour lui, c&rsquo;est un moyen de se ressourcer, de recharger ses batteries et de trouver l&rsquo;inspiration pour ses prochains projets.<\/p>\n<p>Olivier est toujours \u00e0 l&rsquo;aff\u00fbt des derni\u00e8res nouveaut\u00e9s technologiques. Que ce soit un nouveau langage de programmation, un framework r\u00e9volutionnaire ou une application innovante, il est toujours pr\u00eat \u00e0 plonger t\u00eate baiss\u00e9e dans l&rsquo;inconnu pour d\u00e9couvrir ce qui se cache derri\u00e8re le prochain grand succ\u00e8s technologique.<\/p>\n<p>Olivier est bien plus qu&rsquo;un simple d\u00e9veloppeur : c\u2019est un aventurier num\u00e9rique. Avec lui \u00e0 vos c\u00f4t\u00e9s, aucune \u00e9nigme n&rsquo;est trop complexe, aucun d\u00e9fi n&rsquo;est insurmontable.<\/p>\n<p>La suite au prochain \u00e9pisode\u2026<br \/>To Be Continued\u2026<\/p>\n<p>[\/et_pb_text][\/et_pb_column][\/et_pb_row][\/et_pb_section][et_pb_section fb_built=\u00a0\u00bb1&Prime; admin_label=\u00a0\u00bbProjects\u00a0\u00bb _builder_version=\u00a0\u00bb4.25.0&Prime; _module_preset=\u00a0\u00bbdefault\u00a0\u00bb saved_tabs=\u00a0\u00bball\u00a0\u00bb locked=\u00a0\u00bboff\u00a0\u00bb collapsed=\u00a0\u00bbon\u00a0\u00bb global_colors_info=\u00a0\u00bb{}\u00a0\u00bb][et_pb_row _builder_version=\u00a0\u00bb4.25.0&Prime; _module_preset=\u00a0\u00bbdefault\u00a0\u00bb max_width=\u00a0\u00bb1280px\u00a0\u00bb locked=\u00a0\u00bboff\u00a0\u00bb global_colors_info=\u00a0\u00bb{}\u00a0\u00bb][et_pb_column type=\u00a0\u00bb4_4&Prime; _builder_version=\u00a0\u00bb4.25.0&Prime; _module_preset=\u00a0\u00bbdefault\u00a0\u00bb global_colors_info=\u00a0\u00bb{}\u00a0\u00bb][et_pb_heading title=\u00a0\u00bbArticles r\u00e9dig\u00e9s\u00a0\u00bb _builder_version=\u00a0\u00bb4.25.0&Prime; _module_preset=\u00a0\u00bb1ec68c3b-098c-43e7-a440-a8d8c863a239&Prime; global_colors_info=\u00a0\u00bb{}\u00a0\u00bb][\/et_pb_heading][\/et_pb_column][\/et_pb_row][et_pb_row custom_padding_last_edited=\u00a0\u00bboff|desktop\u00a0\u00bb _builder_version=\u00a0\u00bb4.23.1&Prime; _module_preset=\u00a0\u00bbdefault\u00a0\u00bb max_width=\u00a0\u00bb1280px\u00a0\u00bb module_alignment=\u00a0\u00bbcenter\u00a0\u00bb custom_margin=\u00a0\u00bb|3em||3em|false|false\u00a0\u00bb custom_padding=\u00a0\u00bb||||false|false\u00a0\u00bb custom_padding_tablet=\u00a0\u00bb||0px||false|false\u00a0\u00bb global_colors_info=\u00a0\u00bb{}\u00a0\u00bb][et_pb_column type=\u00a0\u00bb4_4&Prime; _builder_version=\u00a0\u00bb4.23.1&Prime; _module_preset=\u00a0\u00bbdefault\u00a0\u00bb background_enable_image=\u00a0\u00bboff\u00a0\u00bb border_radii=\u00a0\u00bbon|6px|6px|6px|6px\u00a0\u00bb box_shadow_style=\u00a0\u00bbpreset3&Prime; global_colors_info=\u00a0\u00bb{}\u00a0\u00bb background__hover_enabled=\u00a0\u00bboff|desktop\u00a0\u00bb background_color_gradient_stops__hover=\u00a0\u00bbrgba(22,38,74,0.8) 0%|rgba(22,38,74,0.8) 100%\u00a0\u00bb use_background_color_gradient__hover=\u00a0\u00bbon\u00a0\u00bb][et_pb_blog fullwidth=\u00a0\u00bboff\u00a0\u00bb posts_number=\u00a0\u00bb8&Prime; include_categories=\u00a0\u00bb5,17&Prime; show_more=\u00a0\u00bbon\u00a0\u00bb show_author=\u00a0\u00bboff\u00a0\u00bb show_date=\u00a0\u00bboff\u00a0\u00bb show_categories=\u00a0\u00bboff\u00a0\u00bb _builder_version=\u00a0\u00bb4.23.1&Prime; _module_preset=\u00a0\u00bbdefault\u00a0\u00bb header_line_height=\u00a0\u00bb1.5em\u00a0\u00bb global_colors_info=\u00a0\u00bb{}\u00a0\u00bb][\/et_pb_blog][\/et_pb_column][\/et_pb_row][\/et_pb_section]<\/p>\n","protected":false},"excerpt":{"rendered":"<p>Formateur, d\u00e9veloppeur front et back, Olivier incarne l&rsquo;esprit de curiosit\u00e9 et d&rsquo;aventure. Dans le monde du d\u00e9veloppement, il y a ceux qui se contentent de coder et puis il y a Olivier, un v\u00e9ritable couteau suisse !Au quotidien, Olivier jongle avec les lignes de code comme un magicien avec ses cartes, mais sa v\u00e9ritable magie [&hellip;]<\/p>\n","protected":false},"author":2,"featured_media":0,"parent":0,"menu_order":0,"comment_status":"closed","ping_status":"closed","template":"","meta":{"_et_pb_use_builder":"on","_et_pb_old_content":"","_et_gb_content_width":"","footnotes":""},"class_list":["post-1731","page","type-page","status-publish","hentry"],"yoast_head":"<!-- This site is optimized with the Yoast SEO plugin v27.3 - https:\/\/yoast.com\/product\/yoast-seo-wordpress\/ -->\n<title>Olivier PESCE : un formateur en d\u00e9veloppement front et back - Blog du CEFii<\/title>\n<meta name=\"robots\" content=\"index, follow, max-snippet:-1, max-image-preview:large, max-video-preview:-1\" \/>\n<link rel=\"canonical\" href=\"https:\/\/www.cefii.fr\/blog\/olivier-pesce\/\" \/>\n<meta property=\"og:locale\" content=\"fr_FR\" \/>\n<meta property=\"og:type\" content=\"article\" \/>\n<meta property=\"og:title\" content=\"Olivier PESCE : un formateur en d\u00e9veloppement front et back - Blog du CEFii\" \/>\n<meta property=\"og:description\" content=\"Formateur, d\u00e9veloppeur front et back, Olivier incarne l&#039;esprit de curiosit\u00e9 et d&#039;aventure. Dans le monde du d\u00e9veloppement, il y a ceux qui se contentent de coder et puis il y a Olivier, un v\u00e9ritable couteau suisse !Au quotidien, Olivier jongle avec les lignes de code comme un magicien avec ses cartes, mais sa v\u00e9ritable magie [&hellip;]\" \/>\n<meta property=\"og:url\" content=\"https:\/\/www.cefii.fr\/blog\/olivier-pesce\/\" \/>\n<meta property=\"og:site_name\" content=\"Blog du CEFii\" \/>\n<meta property=\"article:publisher\" content=\"https:\/\/www.facebook.com\/CEFiiWeb\" \/>\n<meta property=\"article:modified_time\" content=\"2025-02-27T13:18:57+00:00\" \/>\n<meta name=\"twitter:label1\" content=\"Dur\u00e9e de lecture estim\u00e9e\" \/>\n\t<meta name=\"twitter:data1\" content=\"4 minutes\" \/>\n<script type=\"application\/ld+json\" class=\"yoast-schema-graph\">{\"@context\":\"https:\\\/\\\/schema.org\",\"@graph\":[{\"@type\":\"WebPage\",\"@id\":\"https:\\\/\\\/www.cefii.fr\\\/blog\\\/olivier-pesce\\\/\",\"url\":\"https:\\\/\\\/www.cefii.fr\\\/blog\\\/olivier-pesce\\\/\",\"name\":\"Olivier PESCE : un formateur en d\u00e9veloppement front et back - Blog du CEFii\",\"isPartOf\":{\"@id\":\"https:\\\/\\\/www.cefii.fr\\\/blog\\\/#website\"},\"datePublished\":\"2024-05-16T14:43:12+00:00\",\"dateModified\":\"2025-02-27T13:18:57+00:00\",\"breadcrumb\":{\"@id\":\"https:\\\/\\\/www.cefii.fr\\\/blog\\\/olivier-pesce\\\/#breadcrumb\"},\"inLanguage\":\"fr-FR\",\"potentialAction\":[{\"@type\":\"ReadAction\",\"target\":[\"https:\\\/\\\/www.cefii.fr\\\/blog\\\/olivier-pesce\\\/\"]}]},{\"@type\":\"BreadcrumbList\",\"@id\":\"https:\\\/\\\/www.cefii.fr\\\/blog\\\/olivier-pesce\\\/#breadcrumb\",\"itemListElement\":[{\"@type\":\"ListItem\",\"position\":1,\"name\":\"Accueil\",\"item\":\"https:\\\/\\\/www.cefii.fr\\\/blog\\\/\"},{\"@type\":\"ListItem\",\"position\":2,\"name\":\"Olivier PESCE : un formateur en d\u00e9veloppement front et back\"}]},{\"@type\":\"WebSite\",\"@id\":\"https:\\\/\\\/www.cefii.fr\\\/blog\\\/#website\",\"url\":\"https:\\\/\\\/www.cefii.fr\\\/blog\\\/\",\"name\":\"Blog du CEFii\",\"description\":\"Suivez les actus de votre organisme de formation | CEFii\",\"publisher\":{\"@id\":\"https:\\\/\\\/www.cefii.fr\\\/blog\\\/#organization\"},\"potentialAction\":[{\"@type\":\"SearchAction\",\"target\":{\"@type\":\"EntryPoint\",\"urlTemplate\":\"https:\\\/\\\/www.cefii.fr\\\/blog\\\/?s={search_term_string}\"},\"query-input\":{\"@type\":\"PropertyValueSpecification\",\"valueRequired\":true,\"valueName\":\"search_term_string\"}}],\"inLanguage\":\"fr-FR\"},{\"@type\":\"Organization\",\"@id\":\"https:\\\/\\\/www.cefii.fr\\\/blog\\\/#organization\",\"name\":\"Blog du CEFii\",\"url\":\"https:\\\/\\\/www.cefii.fr\\\/blog\\\/\",\"logo\":{\"@type\":\"ImageObject\",\"inLanguage\":\"fr-FR\",\"@id\":\"https:\\\/\\\/www.cefii.fr\\\/blog\\\/#\\\/schema\\\/logo\\\/image\\\/\",\"url\":\"https:\\\/\\\/www.cefii.fr\\\/blog\\\/wp-content\\\/uploads\\\/2023\\\/11\\\/site-logo-cefii-2024-fonce.png\",\"contentUrl\":\"https:\\\/\\\/www.cefii.fr\\\/blog\\\/wp-content\\\/uploads\\\/2023\\\/11\\\/site-logo-cefii-2024-fonce.png\",\"width\":200,\"height\":109,\"caption\":\"Blog du CEFii\"},\"image\":{\"@id\":\"https:\\\/\\\/www.cefii.fr\\\/blog\\\/#\\\/schema\\\/logo\\\/image\\\/\"},\"sameAs\":[\"https:\\\/\\\/www.facebook.com\\\/CEFiiWeb\",\"https:\\\/\\\/www.linkedin.com\\\/school\\\/11289329\\\/\",\"https:\\\/\\\/www.instagram.com\\\/cefii_formations\\\/\"]}]}<\/script>\n<!-- \/ Yoast SEO plugin. -->","yoast_head_json":{"title":"Olivier PESCE : un formateur en d\u00e9veloppement front et back - Blog du CEFii","robots":{"index":"index","follow":"follow","max-snippet":"max-snippet:-1","max-image-preview":"max-image-preview:large","max-video-preview":"max-video-preview:-1"},"canonical":"https:\/\/www.cefii.fr\/blog\/olivier-pesce\/","og_locale":"fr_FR","og_type":"article","og_title":"Olivier PESCE : un formateur en d\u00e9veloppement front et back - Blog du CEFii","og_description":"Formateur, d\u00e9veloppeur front et back, Olivier incarne l'esprit de curiosit\u00e9 et d'aventure. Dans le monde du d\u00e9veloppement, il y a ceux qui se contentent de coder et puis il y a Olivier, un v\u00e9ritable couteau suisse !Au quotidien, Olivier jongle avec les lignes de code comme un magicien avec ses cartes, mais sa v\u00e9ritable magie [&hellip;]","og_url":"https:\/\/www.cefii.fr\/blog\/olivier-pesce\/","og_site_name":"Blog du CEFii","article_publisher":"https:\/\/www.facebook.com\/CEFiiWeb","article_modified_time":"2025-02-27T13:18:57+00:00","twitter_misc":{"Dur\u00e9e de lecture estim\u00e9e":"4 minutes"},"schema":{"@context":"https:\/\/schema.org","@graph":[{"@type":"WebPage","@id":"https:\/\/www.cefii.fr\/blog\/olivier-pesce\/","url":"https:\/\/www.cefii.fr\/blog\/olivier-pesce\/","name":"Olivier PESCE : un formateur en d\u00e9veloppement front et back - Blog du CEFii","isPartOf":{"@id":"https:\/\/www.cefii.fr\/blog\/#website"},"datePublished":"2024-05-16T14:43:12+00:00","dateModified":"2025-02-27T13:18:57+00:00","breadcrumb":{"@id":"https:\/\/www.cefii.fr\/blog\/olivier-pesce\/#breadcrumb"},"inLanguage":"fr-FR","potentialAction":[{"@type":"ReadAction","target":["https:\/\/www.cefii.fr\/blog\/olivier-pesce\/"]}]},{"@type":"BreadcrumbList","@id":"https:\/\/www.cefii.fr\/blog\/olivier-pesce\/#breadcrumb","itemListElement":[{"@type":"ListItem","position":1,"name":"Accueil","item":"https:\/\/www.cefii.fr\/blog\/"},{"@type":"ListItem","position":2,"name":"Olivier PESCE : un formateur en d\u00e9veloppement front et back"}]},{"@type":"WebSite","@id":"https:\/\/www.cefii.fr\/blog\/#website","url":"https:\/\/www.cefii.fr\/blog\/","name":"Blog du CEFii","description":"Suivez les actus de votre organisme de formation | CEFii","publisher":{"@id":"https:\/\/www.cefii.fr\/blog\/#organization"},"potentialAction":[{"@type":"SearchAction","target":{"@type":"EntryPoint","urlTemplate":"https:\/\/www.cefii.fr\/blog\/?s={search_term_string}"},"query-input":{"@type":"PropertyValueSpecification","valueRequired":true,"valueName":"search_term_string"}}],"inLanguage":"fr-FR"},{"@type":"Organization","@id":"https:\/\/www.cefii.fr\/blog\/#organization","name":"Blog du CEFii","url":"https:\/\/www.cefii.fr\/blog\/","logo":{"@type":"ImageObject","inLanguage":"fr-FR","@id":"https:\/\/www.cefii.fr\/blog\/#\/schema\/logo\/image\/","url":"https:\/\/www.cefii.fr\/blog\/wp-content\/uploads\/2023\/11\/site-logo-cefii-2024-fonce.png","contentUrl":"https:\/\/www.cefii.fr\/blog\/wp-content\/uploads\/2023\/11\/site-logo-cefii-2024-fonce.png","width":200,"height":109,"caption":"Blog du CEFii"},"image":{"@id":"https:\/\/www.cefii.fr\/blog\/#\/schema\/logo\/image\/"},"sameAs":["https:\/\/www.facebook.com\/CEFiiWeb","https:\/\/www.linkedin.com\/school\/11289329\/","https:\/\/www.instagram.com\/cefii_formations\/"]}]}},"_links":{"self":[{"href":"https:\/\/www.cefii.fr\/blog\/wp-json\/wp\/v2\/pages\/1731","targetHints":{"allow":["GET"]}}],"collection":[{"href":"https:\/\/www.cefii.fr\/blog\/wp-json\/wp\/v2\/pages"}],"about":[{"href":"https:\/\/www.cefii.fr\/blog\/wp-json\/wp\/v2\/types\/page"}],"author":[{"embeddable":true,"href":"https:\/\/www.cefii.fr\/blog\/wp-json\/wp\/v2\/users\/2"}],"replies":[{"embeddable":true,"href":"https:\/\/www.cefii.fr\/blog\/wp-json\/wp\/v2\/comments?post=1731"}],"version-history":[{"count":7,"href":"https:\/\/www.cefii.fr\/blog\/wp-json\/wp\/v2\/pages\/1731\/revisions"}],"predecessor-version":[{"id":2040,"href":"https:\/\/www.cefii.fr\/blog\/wp-json\/wp\/v2\/pages\/1731\/revisions\/2040"}],"wp:attachment":[{"href":"https:\/\/www.cefii.fr\/blog\/wp-json\/wp\/v2\/media?parent=1731"}],"curies":[{"name":"wp","href":"https:\/\/api.w.org\/{rel}","templated":true}]}}