{"id":1739,"date":"2024-05-16T16:46:34","date_gmt":"2024-05-16T14:46:34","guid":{"rendered":"https:\/\/www.cefii.fr\/blog\/?page_id=1739"},"modified":"2026-02-24T16:51:36","modified_gmt":"2026-02-24T15:51:36","slug":"nolwenn-gouzien","status":"publish","type":"page","link":"https:\/\/www.cefii.fr\/blog\/nolwenn-gouzien\/","title":{"rendered":"Nolwenn GOUZIEN : une formatrice en design web et communication visuelle"},"content":{"rendered":"<p>[et_pb_section fb_built=\u00a0\u00bb1&Prime; admin_label=\u00a0\u00bbHeader\u00a0\u00bb _builder_version=\u00a0\u00bb4.23.1&Prime; _module_preset=\u00a0\u00bbdefault\u00a0\u00bb use_background_color_gradient=\u00a0\u00bbon\u00a0\u00bb background_color_gradient_direction=\u00a0\u00bb90deg\u00a0\u00bb background_color_gradient_stops=\u00a0\u00bb#ffc440 34%|rgba(255,255,255,0) 34%\u00a0\u00bb custom_padding=\u00a0\u00bb||4px|||\u00a0\u00bb background_last_edited=\u00a0\u00bbon|tablet\u00a0\u00bb background_color_gradient_direction_tablet=\u00a0\u00bb180deg\u00a0\u00bb collapsed=\u00a0\u00bbon\u00a0\u00bb global_colors_info=\u00a0\u00bb{%22gcid-a674551e-c023-4666-82b8-b7448e713885%22:%91%22background_color_gradient_stops%22%93}\u00a0\u00bb][et_pb_row column_structure=\u00a0\u00bb1_2,1_2&Prime; _builder_version=\u00a0\u00bb4.25.0&Prime; _module_preset=\u00a0\u00bbdefault\u00a0\u00bb max_width=\u00a0\u00bb1280px\u00a0\u00bb global_colors_info=\u00a0\u00bb{}\u00a0\u00bb][et_pb_column type=\u00a0\u00bb1_2&Prime; _builder_version=\u00a0\u00bb4.25.0&Prime; _module_preset=\u00a0\u00bbdefault\u00a0\u00bb global_colors_info=\u00a0\u00bb{}\u00a0\u00bb][et_pb_image src=\u00a0\u00bbhttps:\/\/www.cefii.fr\/blog\/wp-content\/uploads\/2024\/07\/nolwenn-gouzien-cefii.jpg\u00a0\u00bb alt=\u00a0\u00bbNolwenn Gouzien &#8211; Web Design\u00a0\u00bb title_text=\u00a0\u00bbnolwenn-gouzien-cefii\u00a0\u00bb force_fullwidth=\u00a0\u00bboff\u00a0\u00bb _builder_version=\u00a0\u00bb4.25.1&Prime; _module_preset=\u00a0\u00bbdefault\u00a0\u00bb max_height_tablet=\u00a0\u00bb400px\u00a0\u00bb max_height_phone=\u00a0\u00bb400px\u00a0\u00bb max_height_last_edited=\u00a0\u00bbon|tablet\u00a0\u00bb border_radii=\u00a0\u00bbon|6px|6px|6px|6px\u00a0\u00bb locked=\u00a0\u00bboff\u00a0\u00bb global_colors_info=\u00a0\u00bb{}\u00a0\u00bb][\/et_pb_image][\/et_pb_column][et_pb_column type=\u00a0\u00bb1_2&Prime; _builder_version=\u00a0\u00bb4.25.0&Prime; _module_preset=\u00a0\u00bbdefault\u00a0\u00bb custom_padding=\u00a0\u00bb60px||60px||true|false\u00a0\u00bb custom_padding_tablet=\u00a0\u00bb0px||0px||true|false\u00a0\u00bb custom_padding_phone=\u00a0\u00bb0px||0px||true|false\u00a0\u00bb custom_padding_last_edited=\u00a0\u00bbon|desktop\u00a0\u00bb global_colors_info=\u00a0\u00bb{}\u00a0\u00bb][et_pb_heading title=\u00a0\u00bbAuteur\u00a0\u00bb _builder_version=\u00a0\u00bb4.23.1&Prime; _module_preset=\u00a0\u00bbe6a20259-1f4e-4308-b151-589a186a6a86&Prime; custom_margin=\u00a0\u00bb||10px||false|false\u00a0\u00bb locked=\u00a0\u00bboff\u00a0\u00bb global_colors_info=\u00a0\u00bb{}\u00a0\u00bb][\/et_pb_heading][et_pb_heading title=\u00a0\u00bbNolwenn Gouzien\u00a0\u00bb _builder_version=\u00a0\u00bb4.23.1&Prime; _module_preset=\u00a0\u00bb2e737f17-982a-46cb-9f12-4fc8727f2ee5&Prime; custom_margin=\u00a0\u00bb||10px||false|false\u00a0\u00bb locked=\u00a0\u00bboff\u00a0\u00bb global_colors_info=\u00a0\u00bb{}\u00a0\u00bb][\/et_pb_heading][et_pb_text _builder_version=\u00a0\u00bb4.23.1&Prime; _module_preset=\u00a0\u00bbdefault\u00a0\u00bb header_line_height=\u00a0\u00bb1.5em\u00a0\u00bb global_colors_info=\u00a0\u00bb{}\u00a0\u00bb]<\/p>\n<h1>Nolwenn est une designer graphique passionn\u00e9e par l&rsquo;art, le web et la communication visuelle !<\/h1>\n<p>Elle combine un solide sens artistique \u00e0 une compr\u00e9hension approfondie des principes du design pour produire des identit\u00e9s visuelles coh\u00e9rentes et des exp\u00e9riences num\u00e9riques intuitives.<\/p>\n<p>[\/et_pb_text][\/et_pb_column][\/et_pb_row][\/et_pb_section][et_pb_section fb_built=\u00a0\u00bb1&Prime; admin_label=\u00a0\u00bbAbout\u00a0\u00bb _builder_version=\u00a0\u00bb4.25.0&Prime; _module_preset=\u00a0\u00bbdefault\u00a0\u00bb custom_padding=\u00a0\u00bb6px|||||\u00a0\u00bb collapsed=\u00a0\u00bbon\u00a0\u00bb global_colors_info=\u00a0\u00bb{}\u00a0\u00bb][et_pb_row _builder_version=\u00a0\u00bb4.23.1&Prime; _module_preset=\u00a0\u00bbdefault\u00a0\u00bb custom_padding=\u00a0\u00bb7px|||||\u00a0\u00bb global_colors_info=\u00a0\u00bb{}\u00a0\u00bb][et_pb_column type=\u00a0\u00bb4_4&Prime; _builder_version=\u00a0\u00bb4.23.1&Prime; _module_preset=\u00a0\u00bbdefault\u00a0\u00bb global_colors_info=\u00a0\u00bb{}\u00a0\u00bb][et_pb_text _builder_version=\u00a0\u00bb4.23.1&Prime; _module_preset=\u00a0\u00bbdefault\u00a0\u00bb text_font_size=\u00a0\u00bb16px\u00a0\u00bb global_colors_info=\u00a0\u00bb{}\u00a0\u00bb]<\/p>\n<p>Nolwenn a une approche m\u00e9ticuleuse de la cr\u00e9ation graphique, s\u00e9lectionnant soigneusement chaque couleur, chaque forme et chaque \u00e9l\u00e9ment pour refl\u00e9ter la personnalit\u00e9 et les valeurs d&rsquo;une marque. Elle sait comment utiliser le design pour communiquer un message avec force et \u00e9motion, cr\u00e9ant des identit\u00e9s visuelles qui se d\u00e9marquent.<\/p>\n<p>Mais Nolwenn ne s&rsquo;est pas content\u00e9e de pratiquer le design graphique et la communication visuelle ! Elle a poursuivi son apprentissage pour inclure le web \u00e0 sa palette, dont le design d&rsquo;exp\u00e9rience utilisateur (UX) et le design d&rsquo;interface utilisateur (UI).<\/p>\n<p>En sp\u00e9cialiste de l\u2019exp\u00e9rience utilisateur, elle sait que pour r\u00e9ellement engager les utilisateurs, une exp\u00e9rience doit \u00eatre \u00e0 la fois belle et fonctionnelle. En tant que designer UX\/UI, Nolwenn met l&rsquo;accent sur la cr\u00e9ation d&rsquo;exp\u00e9riences intuitives et fluides en combinant esth\u00e9tique, fonctionnalit\u00e9s et accessibilit\u00e9 !<br \/>Elle cr\u00e9\u00e9 des maquettes et des prototypes pour tester et affiner son travail afin de<br \/>simplifier le parcours de navigation et guider les utilisateurs \u00e0 travers cette exp\u00e9rience.<\/p>\n<p>Elle anticipe comment chaque \u00e9l\u00e9ment d&rsquo;une interface &#8211; du placement des boutons \u00e0 la hi\u00e9rarchie de l&rsquo;information &#8211; peut influencer la fa\u00e7on dont un utilisateur interagit avec un syst\u00e8me. Elle cr\u00e9e des interfaces claires, intuitives et r\u00e9actives qui encouragent l&rsquo;engagement et facilitent l&rsquo;accomplissement des t\u00e2ches. Elle transforme ses designs en r\u00e9alit\u00e9 !<\/p>\n<p>Toujours \u00e0 l&rsquo;aff\u00fbt des nouvelles tendances graphiques, elle est une v\u00e9ritable \u00e9ponge \u00e0 inspiration. Elle est toujours \u00e0 la recherche de fa\u00e7ons d&rsquo;am\u00e9liorer ses comp\u00e9tences. Sa curiosit\u00e9 et son engagement envers l&rsquo;apprentissage continu la font \u00e9voluer en tant que designer et lui permettent, en tant que formatrice, d\u2019accompagner au mieux les \u00e9l\u00e8ves dans leur apprentissage !<\/p>\n<p>Nolwenn partage sur ce blog sa passion pour le web design, allant des principes de base du design graphique aux derni\u00e8res tendances en UX\/UI. <br \/>Elle offre des conseils pratiques et des astuces pour vous aider \u00e0 am\u00e9liorer vos comp\u00e9tences en design !<\/p>\n<p>[\/et_pb_text][\/et_pb_column][\/et_pb_row][\/et_pb_section][et_pb_section fb_built=\u00a0\u00bb1&Prime; admin_label=\u00a0\u00bbWork Experience\u00a0\u00bb _builder_version=\u00a0\u00bb4.25.0&Prime; _module_preset=\u00a0\u00bbdefault\u00a0\u00bb custom_padding=\u00a0\u00bb0px|||||\u00a0\u00bb locked=\u00a0\u00bboff\u00a0\u00bb collapsed=\u00a0\u00bbon\u00a0\u00bb global_colors_info=\u00a0\u00bb{}\u00a0\u00bb][et_pb_row _builder_version=\u00a0\u00bb4.25.0&Prime; _module_preset=\u00a0\u00bbdefault\u00a0\u00bb max_width=\u00a0\u00bb1280px\u00a0\u00bb global_colors_info=\u00a0\u00bb{}\u00a0\u00bb][et_pb_column type=\u00a0\u00bb4_4&Prime; _builder_version=\u00a0\u00bb4.25.0&Prime; _module_preset=\u00a0\u00bbdefault\u00a0\u00bb global_colors_info=\u00a0\u00bb{}\u00a0\u00bb][et_pb_heading title=\u00a0\u00bbExp\u00e9rience\u00a0\u00bb _builder_version=\u00a0\u00bb4.25.0&Prime; _module_preset=\u00a0\u00bb1ec68c3b-098c-43e7-a440-a8d8c863a239&Prime; global_colors_info=\u00a0\u00bb{}\u00a0\u00bb][\/et_pb_heading][\/et_pb_column][\/et_pb_row][et_pb_row column_structure=\u00a0\u00bb1_3,2_3&Prime; _builder_version=\u00a0\u00bb4.25.0&Prime; _module_preset=\u00a0\u00bbdefault\u00a0\u00bb max_width=\u00a0\u00bb1280px\u00a0\u00bb global_colors_info=\u00a0\u00bb{}\u00a0\u00bb][et_pb_column type=\u00a0\u00bb1_3&Prime; _builder_version=\u00a0\u00bb4.25.0&Prime; _module_preset=\u00a0\u00bbdefault\u00a0\u00bb global_colors_info=\u00a0\u00bb{}\u00a0\u00bb][et_pb_heading title=\u00a0\u00bb2016 &#8211; Aujourd&rsquo;hui\u00a0\u00bb _builder_version=\u00a0\u00bb4.23.1&Prime; _module_preset=\u00a0\u00bb6efd1562-f446-4715-8e8f-28e0309a159b\u00a0\u00bb global_colors_info=\u00a0\u00bb{}\u00a0\u00bb][\/et_pb_heading][\/et_pb_column][et_pb_column type=\u00a0\u00bb2_3&Prime; _builder_version=\u00a0\u00bb4.25.0&Prime; _module_preset=\u00a0\u00bbdefault\u00a0\u00bb global_colors_info=\u00a0\u00bb{}\u00a0\u00bb][et_pb_heading title=\u00a0\u00bbFormatrice au CEFii\u00a0\u00bb _builder_version=\u00a0\u00bb4.23.1&Prime; _module_preset=\u00a0\u00bbafdc1862-5d4c-412e-aae8-f253f883736d\u00a0\u00bb custom_margin=\u00a0\u00bb||0px||false|false\u00a0\u00bb global_colors_info=\u00a0\u00bb{}\u00a0\u00bb][\/et_pb_heading][et_pb_heading title=\u00a0\u00bbAngers &#8211; 49&Prime; _builder_version=\u00a0\u00bb4.23.1&Prime; _module_preset=\u00a0\u00bb6efd1562-f446-4715-8e8f-28e0309a159b\u00a0\u00bb title_text_color=\u00a0\u00bbgcid-heading-color\u00a0\u00bb global_colors_info=\u00a0\u00bb{%22gcid-heading-color%22:%91%22title_text_color%22%93}\u00a0\u00bb][\/et_pb_heading][\/et_pb_column][\/et_pb_row][et_pb_row column_structure=\u00a0\u00bb1_3,2_3&Prime; _builder_version=\u00a0\u00bb4.25.0&Prime; _module_preset=\u00a0\u00bbdefault\u00a0\u00bb max_width=\u00a0\u00bb1280px\u00a0\u00bb global_colors_info=\u00a0\u00bb{}\u00a0\u00bb][et_pb_column type=\u00a0\u00bb1_3&Prime; _builder_version=\u00a0\u00bb4.25.0&Prime; _module_preset=\u00a0\u00bbdefault\u00a0\u00bb global_colors_info=\u00a0\u00bb{}\u00a0\u00bb][et_pb_heading title=\u00a0\u00bb2015&Prime; _builder_version=\u00a0\u00bb4.23.1&Prime; _module_preset=\u00a0\u00bb6efd1562-f446-4715-8e8f-28e0309a159b\u00a0\u00bb global_colors_info=\u00a0\u00bb{}\u00a0\u00bb][\/et_pb_heading][\/et_pb_column][et_pb_column type=\u00a0\u00bb2_3&Prime; _builder_version=\u00a0\u00bb4.25.0&Prime; _module_preset=\u00a0\u00bbdefault\u00a0\u00bb global_colors_info=\u00a0\u00bb{}\u00a0\u00bb][et_pb_heading title=\u00a0\u00bbDNSEP &#8211; Arts m\u00e9dias\u00a0\u00bb _builder_version=\u00a0\u00bb4.23.1&Prime; _module_preset=\u00a0\u00bbafdc1862-5d4c-412e-aae8-f253f883736d\u00a0\u00bb custom_margin=\u00a0\u00bb||0px||false|false\u00a0\u00bb global_colors_info=\u00a0\u00bb{}\u00a0\u00bb][\/et_pb_heading][et_pb_heading title=\u00a0\u00bbTALM-ANGERS (49)\u00a0\u00bb _builder_version=\u00a0\u00bb4.23.1&Prime; _module_preset=\u00a0\u00bb6efd1562-f446-4715-8e8f-28e0309a159b\u00a0\u00bb title_text_color=\u00a0\u00bbgcid-heading-color\u00a0\u00bb global_colors_info=\u00a0\u00bb{%22gcid-heading-color%22:%91%22title_text_color%22%93}\u00a0\u00bb][\/et_pb_heading][\/et_pb_column][\/et_pb_row][et_pb_row column_structure=\u00a0\u00bb1_3,2_3&Prime; _builder_version=\u00a0\u00bb4.25.0&Prime; _module_preset=\u00a0\u00bbdefault\u00a0\u00bb max_width=\u00a0\u00bb1280px\u00a0\u00bb global_colors_info=\u00a0\u00bb{}\u00a0\u00bb][et_pb_column type=\u00a0\u00bb1_3&Prime; _builder_version=\u00a0\u00bb4.25.0&Prime; _module_preset=\u00a0\u00bbdefault\u00a0\u00bb global_colors_info=\u00a0\u00bb{}\u00a0\u00bb][et_pb_heading title=\u00a0\u00bb2013&Prime; _builder_version=\u00a0\u00bb4.23.1&Prime; _module_preset=\u00a0\u00bb6efd1562-f446-4715-8e8f-28e0309a159b\u00a0\u00bb global_colors_info=\u00a0\u00bb{}\u00a0\u00bb][\/et_pb_heading][\/et_pb_column][et_pb_column type=\u00a0\u00bb2_3&Prime; _builder_version=\u00a0\u00bb4.25.0&Prime; _module_preset=\u00a0\u00bbdefault\u00a0\u00bb global_colors_info=\u00a0\u00bb{}\u00a0\u00bb][et_pb_heading title=\u00a0\u00bbDNAP &#8211; Option Communication visuelle\u00a0\u00bb _builder_version=\u00a0\u00bb4.23.1&Prime; _module_preset=\u00a0\u00bbafdc1862-5d4c-412e-aae8-f253f883736d\u00a0\u00bb custom_margin=\u00a0\u00bb||0px||false|false\u00a0\u00bb global_colors_info=\u00a0\u00bb{}\u00a0\u00bb][\/et_pb_heading][et_pb_heading title=\u00a0\u00bbEESAB Lorient &#8211; 56&Prime; _builder_version=\u00a0\u00bb4.23.1&Prime; _module_preset=\u00a0\u00bb6efd1562-f446-4715-8e8f-28e0309a159b\u00a0\u00bb title_text_color=\u00a0\u00bbgcid-heading-color\u00a0\u00bb global_colors_info=\u00a0\u00bb{%22gcid-heading-color%22:%91%22title_text_color%22%93}\u00a0\u00bb][\/et_pb_heading][\/et_pb_column][\/et_pb_row][et_pb_row _builder_version=\u00a0\u00bb4.25.0&Prime; _module_preset=\u00a0\u00bbdefault\u00a0\u00bb max_width=\u00a0\u00bb1280px\u00a0\u00bb locked=\u00a0\u00bboff\u00a0\u00bb global_colors_info=\u00a0\u00bb{}\u00a0\u00bb][et_pb_column type=\u00a0\u00bb4_4&Prime; _builder_version=\u00a0\u00bb4.25.0&Prime; _module_preset=\u00a0\u00bbdefault\u00a0\u00bb global_colors_info=\u00a0\u00bb{}\u00a0\u00bb][et_pb_divider color=\u00a0\u00bbrgba(0,0,0,0.12)\u00a0\u00bb divider_position=\u00a0\u00bbcenter\u00a0\u00bb _builder_version=\u00a0\u00bb4.25.0&Prime; _module_preset=\u00a0\u00bbdefault\u00a0\u00bb global_colors_info=\u00a0\u00bb{}\u00a0\u00bb][\/et_pb_divider][\/et_pb_column][\/et_pb_row][\/et_pb_section][et_pb_section fb_built=\u00a0\u00bb1&Prime; admin_label=\u00a0\u00bbProjects\u00a0\u00bb _builder_version=\u00a0\u00bb4.25.0&Prime; _module_preset=\u00a0\u00bbdefault\u00a0\u00bb saved_tabs=\u00a0\u00bball\u00a0\u00bb collapsed=\u00a0\u00bbon\u00a0\u00bb global_colors_info=\u00a0\u00bb{}\u00a0\u00bb][et_pb_row _builder_version=\u00a0\u00bb4.25.0&Prime; _module_preset=\u00a0\u00bbdefault\u00a0\u00bb max_width=\u00a0\u00bb1280px\u00a0\u00bb locked=\u00a0\u00bboff\u00a0\u00bb global_colors_info=\u00a0\u00bb{}\u00a0\u00bb][et_pb_column type=\u00a0\u00bb4_4&Prime; _builder_version=\u00a0\u00bb4.25.0&Prime; _module_preset=\u00a0\u00bbdefault\u00a0\u00bb global_colors_info=\u00a0\u00bb{}\u00a0\u00bb][et_pb_heading title=\u00a0\u00bbArticles r\u00e9dig\u00e9s\u00a0\u00bb _builder_version=\u00a0\u00bb4.25.0&Prime; _module_preset=\u00a0\u00bb1ec68c3b-098c-43e7-a440-a8d8c863a239&Prime; global_colors_info=\u00a0\u00bb{}\u00a0\u00bb][\/et_pb_heading][\/et_pb_column][\/et_pb_row][et_pb_row custom_padding_last_edited=\u00a0\u00bboff|desktop\u00a0\u00bb _builder_version=\u00a0\u00bb4.23.1&Prime; _module_preset=\u00a0\u00bbdefault\u00a0\u00bb max_width=\u00a0\u00bb1280px\u00a0\u00bb module_alignment=\u00a0\u00bbcenter\u00a0\u00bb custom_margin=\u00a0\u00bb|3em||3em|false|false\u00a0\u00bb custom_padding=\u00a0\u00bb||||false|false\u00a0\u00bb custom_padding_tablet=\u00a0\u00bb||0px||false|false\u00a0\u00bb global_colors_info=\u00a0\u00bb{}\u00a0\u00bb][et_pb_column type=\u00a0\u00bb4_4&Prime; _builder_version=\u00a0\u00bb4.23.1&Prime; _module_preset=\u00a0\u00bbdefault\u00a0\u00bb background_enable_image=\u00a0\u00bboff\u00a0\u00bb hover_enabled=\u00a0\u00bb0&Prime; border_radii=\u00a0\u00bbon|6px|6px|6px|6px\u00a0\u00bb box_shadow_style=\u00a0\u00bbpreset3&Prime; global_colors_info=\u00a0\u00bb{}\u00a0\u00bb background__hover_enabled=\u00a0\u00bboff|desktop\u00a0\u00bb background_color_gradient_stops__hover=\u00a0\u00bbrgba(22,38,74,0.8) 0%|rgba(22,38,74,0.8) 100%\u00a0\u00bb use_background_color_gradient__hover=\u00a0\u00bbon\u00a0\u00bb sticky_enabled=\u00a0\u00bb0&Prime;][et_pb_blog fullwidth=\u00a0\u00bboff\u00a0\u00bb posts_number=\u00a0\u00bb8&Prime; include_categories=\u00a0\u00bb7,4,16,11&Prime; show_more=\u00a0\u00bbon\u00a0\u00bb show_date=\u00a0\u00bboff\u00a0\u00bb show_categories=\u00a0\u00bboff\u00a0\u00bb _builder_version=\u00a0\u00bb4.25.1&Prime; _module_preset=\u00a0\u00bbdefault\u00a0\u00bb header_line_height=\u00a0\u00bb1.5em\u00a0\u00bb hover_enabled=\u00a0\u00bb0&Prime; global_colors_info=\u00a0\u00bb{}\u00a0\u00bb sticky_enabled=\u00a0\u00bb0&Prime;][\/et_pb_blog][\/et_pb_column][\/et_pb_row][\/et_pb_section]<\/p>\n","protected":false},"excerpt":{"rendered":"<p>Nolwenn est une designer graphique passionn\u00e9e par l&rsquo;art, le web et la communication visuelle ! Elle combine un solide sens artistique \u00e0 une compr\u00e9hension approfondie des principes du design pour produire des identit\u00e9s visuelles coh\u00e9rentes et des exp\u00e9riences num\u00e9riques intuitives.Nolwenn a une approche m\u00e9ticuleuse de la cr\u00e9ation graphique, s\u00e9lectionnant soigneusement chaque couleur, chaque forme et [&hellip;]<\/p>\n","protected":false},"author":2,"featured_media":0,"parent":0,"menu_order":0,"comment_status":"closed","ping_status":"closed","template":"","meta":{"_et_pb_use_builder":"on","_et_pb_old_content":"","_et_gb_content_width":"","footnotes":""},"class_list":["post-1739","page","type-page","status-publish","hentry"],"yoast_head":"<!-- This site is optimized with the Yoast SEO plugin v27.3 - https:\/\/yoast.com\/product\/yoast-seo-wordpress\/ -->\n<title>Nolwenn GOUZIEN : une formatrice en design web et communication visuelle - Blog du CEFii<\/title>\n<meta name=\"robots\" content=\"index, follow, max-snippet:-1, max-image-preview:large, max-video-preview:-1\" \/>\n<link rel=\"canonical\" href=\"https:\/\/www.cefii.fr\/blog\/nolwenn-gouzien\/\" \/>\n<meta property=\"og:locale\" content=\"fr_FR\" \/>\n<meta property=\"og:type\" content=\"article\" \/>\n<meta property=\"og:title\" content=\"Nolwenn GOUZIEN : une formatrice en design web et communication visuelle - Blog du CEFii\" \/>\n<meta property=\"og:description\" content=\"Nolwenn est une designer graphique passionn\u00e9e par l&#039;art, le web et la communication visuelle ! Elle combine un solide sens artistique \u00e0 une compr\u00e9hension approfondie des principes du design pour produire des identit\u00e9s visuelles coh\u00e9rentes et des exp\u00e9riences num\u00e9riques intuitives.Nolwenn a une approche m\u00e9ticuleuse de la cr\u00e9ation graphique, s\u00e9lectionnant soigneusement chaque couleur, chaque forme et [&hellip;]\" \/>\n<meta property=\"og:url\" content=\"https:\/\/www.cefii.fr\/blog\/nolwenn-gouzien\/\" \/>\n<meta property=\"og:site_name\" content=\"Blog du CEFii\" \/>\n<meta property=\"article:publisher\" content=\"https:\/\/www.facebook.com\/CEFiiWeb\" \/>\n<meta property=\"article:modified_time\" content=\"2026-02-24T15:51:36+00:00\" \/>\n<meta name=\"twitter:label1\" content=\"Dur\u00e9e de lecture estim\u00e9e\" \/>\n\t<meta name=\"twitter:data1\" content=\"6 minutes\" \/>\n<script type=\"application\/ld+json\" class=\"yoast-schema-graph\">{\"@context\":\"https:\\\/\\\/schema.org\",\"@graph\":[{\"@type\":\"WebPage\",\"@id\":\"https:\\\/\\\/www.cefii.fr\\\/blog\\\/nolwenn-gouzien\\\/\",\"url\":\"https:\\\/\\\/www.cefii.fr\\\/blog\\\/nolwenn-gouzien\\\/\",\"name\":\"Nolwenn GOUZIEN : une formatrice en design web et communication visuelle - Blog du CEFii\",\"isPartOf\":{\"@id\":\"https:\\\/\\\/www.cefii.fr\\\/blog\\\/#website\"},\"datePublished\":\"2024-05-16T14:46:34+00:00\",\"dateModified\":\"2026-02-24T15:51:36+00:00\",\"breadcrumb\":{\"@id\":\"https:\\\/\\\/www.cefii.fr\\\/blog\\\/nolwenn-gouzien\\\/#breadcrumb\"},\"inLanguage\":\"fr-FR\",\"potentialAction\":[{\"@type\":\"ReadAction\",\"target\":[\"https:\\\/\\\/www.cefii.fr\\\/blog\\\/nolwenn-gouzien\\\/\"]}]},{\"@type\":\"BreadcrumbList\",\"@id\":\"https:\\\/\\\/www.cefii.fr\\\/blog\\\/nolwenn-gouzien\\\/#breadcrumb\",\"itemListElement\":[{\"@type\":\"ListItem\",\"position\":1,\"name\":\"Accueil\",\"item\":\"https:\\\/\\\/www.cefii.fr\\\/blog\\\/\"},{\"@type\":\"ListItem\",\"position\":2,\"name\":\"Nolwenn GOUZIEN : une formatrice en design web et communication visuelle\"}]},{\"@type\":\"WebSite\",\"@id\":\"https:\\\/\\\/www.cefii.fr\\\/blog\\\/#website\",\"url\":\"https:\\\/\\\/www.cefii.fr\\\/blog\\\/\",\"name\":\"Blog du CEFii\",\"description\":\"Suivez les actus de votre organisme de formation | CEFii\",\"publisher\":{\"@id\":\"https:\\\/\\\/www.cefii.fr\\\/blog\\\/#organization\"},\"potentialAction\":[{\"@type\":\"SearchAction\",\"target\":{\"@type\":\"EntryPoint\",\"urlTemplate\":\"https:\\\/\\\/www.cefii.fr\\\/blog\\\/?s={search_term_string}\"},\"query-input\":{\"@type\":\"PropertyValueSpecification\",\"valueRequired\":true,\"valueName\":\"search_term_string\"}}],\"inLanguage\":\"fr-FR\"},{\"@type\":\"Organization\",\"@id\":\"https:\\\/\\\/www.cefii.fr\\\/blog\\\/#organization\",\"name\":\"Blog du CEFii\",\"url\":\"https:\\\/\\\/www.cefii.fr\\\/blog\\\/\",\"logo\":{\"@type\":\"ImageObject\",\"inLanguage\":\"fr-FR\",\"@id\":\"https:\\\/\\\/www.cefii.fr\\\/blog\\\/#\\\/schema\\\/logo\\\/image\\\/\",\"url\":\"https:\\\/\\\/www.cefii.fr\\\/blog\\\/wp-content\\\/uploads\\\/2023\\\/11\\\/site-logo-cefii-2024-fonce.png\",\"contentUrl\":\"https:\\\/\\\/www.cefii.fr\\\/blog\\\/wp-content\\\/uploads\\\/2023\\\/11\\\/site-logo-cefii-2024-fonce.png\",\"width\":200,\"height\":109,\"caption\":\"Blog du CEFii\"},\"image\":{\"@id\":\"https:\\\/\\\/www.cefii.fr\\\/blog\\\/#\\\/schema\\\/logo\\\/image\\\/\"},\"sameAs\":[\"https:\\\/\\\/www.facebook.com\\\/CEFiiWeb\",\"https:\\\/\\\/www.linkedin.com\\\/school\\\/11289329\\\/\",\"https:\\\/\\\/www.instagram.com\\\/cefii_formations\\\/\"]}]}<\/script>\n<!-- \/ Yoast SEO plugin. -->","yoast_head_json":{"title":"Nolwenn GOUZIEN : une formatrice en design web et communication visuelle - Blog du CEFii","robots":{"index":"index","follow":"follow","max-snippet":"max-snippet:-1","max-image-preview":"max-image-preview:large","max-video-preview":"max-video-preview:-1"},"canonical":"https:\/\/www.cefii.fr\/blog\/nolwenn-gouzien\/","og_locale":"fr_FR","og_type":"article","og_title":"Nolwenn GOUZIEN : une formatrice en design web et communication visuelle - Blog du CEFii","og_description":"Nolwenn est une designer graphique passionn\u00e9e par l'art, le web et la communication visuelle ! Elle combine un solide sens artistique \u00e0 une compr\u00e9hension approfondie des principes du design pour produire des identit\u00e9s visuelles coh\u00e9rentes et des exp\u00e9riences num\u00e9riques intuitives.Nolwenn a une approche m\u00e9ticuleuse de la cr\u00e9ation graphique, s\u00e9lectionnant soigneusement chaque couleur, chaque forme et [&hellip;]","og_url":"https:\/\/www.cefii.fr\/blog\/nolwenn-gouzien\/","og_site_name":"Blog du CEFii","article_publisher":"https:\/\/www.facebook.com\/CEFiiWeb","article_modified_time":"2026-02-24T15:51:36+00:00","twitter_misc":{"Dur\u00e9e de lecture estim\u00e9e":"6 minutes"},"schema":{"@context":"https:\/\/schema.org","@graph":[{"@type":"WebPage","@id":"https:\/\/www.cefii.fr\/blog\/nolwenn-gouzien\/","url":"https:\/\/www.cefii.fr\/blog\/nolwenn-gouzien\/","name":"Nolwenn GOUZIEN : une formatrice en design web et communication visuelle - Blog du CEFii","isPartOf":{"@id":"https:\/\/www.cefii.fr\/blog\/#website"},"datePublished":"2024-05-16T14:46:34+00:00","dateModified":"2026-02-24T15:51:36+00:00","breadcrumb":{"@id":"https:\/\/www.cefii.fr\/blog\/nolwenn-gouzien\/#breadcrumb"},"inLanguage":"fr-FR","potentialAction":[{"@type":"ReadAction","target":["https:\/\/www.cefii.fr\/blog\/nolwenn-gouzien\/"]}]},{"@type":"BreadcrumbList","@id":"https:\/\/www.cefii.fr\/blog\/nolwenn-gouzien\/#breadcrumb","itemListElement":[{"@type":"ListItem","position":1,"name":"Accueil","item":"https:\/\/www.cefii.fr\/blog\/"},{"@type":"ListItem","position":2,"name":"Nolwenn GOUZIEN : une formatrice en design web et communication visuelle"}]},{"@type":"WebSite","@id":"https:\/\/www.cefii.fr\/blog\/#website","url":"https:\/\/www.cefii.fr\/blog\/","name":"Blog du CEFii","description":"Suivez les actus de votre organisme de formation | CEFii","publisher":{"@id":"https:\/\/www.cefii.fr\/blog\/#organization"},"potentialAction":[{"@type":"SearchAction","target":{"@type":"EntryPoint","urlTemplate":"https:\/\/www.cefii.fr\/blog\/?s={search_term_string}"},"query-input":{"@type":"PropertyValueSpecification","valueRequired":true,"valueName":"search_term_string"}}],"inLanguage":"fr-FR"},{"@type":"Organization","@id":"https:\/\/www.cefii.fr\/blog\/#organization","name":"Blog du CEFii","url":"https:\/\/www.cefii.fr\/blog\/","logo":{"@type":"ImageObject","inLanguage":"fr-FR","@id":"https:\/\/www.cefii.fr\/blog\/#\/schema\/logo\/image\/","url":"https:\/\/www.cefii.fr\/blog\/wp-content\/uploads\/2023\/11\/site-logo-cefii-2024-fonce.png","contentUrl":"https:\/\/www.cefii.fr\/blog\/wp-content\/uploads\/2023\/11\/site-logo-cefii-2024-fonce.png","width":200,"height":109,"caption":"Blog du CEFii"},"image":{"@id":"https:\/\/www.cefii.fr\/blog\/#\/schema\/logo\/image\/"},"sameAs":["https:\/\/www.facebook.com\/CEFiiWeb","https:\/\/www.linkedin.com\/school\/11289329\/","https:\/\/www.instagram.com\/cefii_formations\/"]}]}},"_links":{"self":[{"href":"https:\/\/www.cefii.fr\/blog\/wp-json\/wp\/v2\/pages\/1739","targetHints":{"allow":["GET"]}}],"collection":[{"href":"https:\/\/www.cefii.fr\/blog\/wp-json\/wp\/v2\/pages"}],"about":[{"href":"https:\/\/www.cefii.fr\/blog\/wp-json\/wp\/v2\/types\/page"}],"author":[{"embeddable":true,"href":"https:\/\/www.cefii.fr\/blog\/wp-json\/wp\/v2\/users\/2"}],"replies":[{"embeddable":true,"href":"https:\/\/www.cefii.fr\/blog\/wp-json\/wp\/v2\/comments?post=1739"}],"version-history":[{"count":11,"href":"https:\/\/www.cefii.fr\/blog\/wp-json\/wp\/v2\/pages\/1739\/revisions"}],"predecessor-version":[{"id":2258,"href":"https:\/\/www.cefii.fr\/blog\/wp-json\/wp\/v2\/pages\/1739\/revisions\/2258"}],"wp:attachment":[{"href":"https:\/\/www.cefii.fr\/blog\/wp-json\/wp\/v2\/media?parent=1739"}],"curies":[{"name":"wp","href":"https:\/\/api.w.org\/{rel}","templated":true}]}}